{"id":3835,"date":"2021-11-23T10:21:31","date_gmt":"2021-11-23T09:21:31","guid":{"rendered":"https:\/\/www.hightechelettronica.com\/privacy-policy\/"},"modified":"2021-11-23T10:21:31","modified_gmt":"2021-11-23T09:21:31","slug":"privacy-policy","status":"publish","type":"page","link":"https:\/\/www.hightechelettronica.com\/en\/privacy-policy\/","title":{"rendered":"Privacy policy"},"content":{"rendered":"<h1>Privacy policy<\/h1>\n<p>High Tech Elettronica, con sede in Viale Colli 63 \u2013 10098 Rivoli (TO), in qualit\u00e0 di titolare del trattamento dei dati personali ai sensi della normativa italiana applicabile pro tempore in materia di protezione dei dati personali (la \u201cNormativa Nazionale\u201d) e del Regolamento UE 679\/2016\u2013 Regolamento Generale sulla Protezione dei Dati (\u201cRGPD\u201d) (d\u2019ora in avanti la Normativa Nazionale ed il RGPD sono collettivamente indicati come \u201cNormativa Applicabile\u201d), riconosce l\u2019importanza della protezione dei dati personali e considera la sua tutela uno degli obiettivi principali della propria attivit\u00e0.<\/p>\n<p>Prima di comunicare qualsiasi dato personale, High Tech Elettronica ti invita a leggere con attenzione la presente privacy policy (\u201cPrivacy Policy\u201d), poich\u00e9 contiene informazioni importanti sulla tutela dei dati personali e sulle misure di sicurezza adottate per garantirne la riservatezza nel pieno rispetto della Normativa Applicabile. La presente Privacy Policy, inoltre:<\/p>\n<ul>\n<li>si intende resa solo per il sito\u00a0<a href=\"https:\/\/www.hightechelettronica.com\/en\/\">https:\/\/www.hightechelettronica.com<\/a>\u00a0(\u201cSito\u201d) e non si applica ad altri siti web eventualmente consultati tramite link esterni;<\/li>\n<li>\u00e8 da intendersi quale Informativa resa ai sensi dell\u2019art. 13 della Normativa Applicabile a coloro che interagiscono con il Sito;<\/li>\n<li>si conforma alla Raccomandazione n. 2\/2001 relativa ai requisiti minimi per la raccolta di dati online nell\u2019Unione Europea, adottata il 17 maggio 2001 dal Gruppo di Lavoro Articolo 29.<\/li>\n<\/ul>\n<p>High Tech Elettronica ti informa che il trattamento dei tuoi dati personali sar\u00e0 improntato ai principi di liceit\u00e0, correttezza, trasparenza, limitazione delle finalit\u00e0 e della conservazione, minimizzazione dei dati, esattezza, integrit\u00e0 e riservatezza. I tuoi dati personali verranno pertanto trattati in accordo alle disposizioni legislative della Normativa Applicabile e degli obblighi di riservatezza ivi previsti.<\/p>\n<p>&nbsp;<\/p>\n<p><strong>1.TITOLARE DEL TRATTAMENTO<\/strong><\/p>\n<p>Alla luce della Normativa Applicabile, titolare del trattamento del Sito \u00e8 High Tech Elettronica come pi\u00f9 sopra definito.<\/p>\n<p>&nbsp;<\/p>\n<p><strong>2.DATI PERSONALI OGGETTO DI TRATTAMENTO<\/strong><\/p>\n<p>Con la locuzione \u201cDati Personali\u201d si intende qualsiasi informazione riguardante una persona fisica identificata o identificabile con particolare riferimento a un identificativo come il nome, un numero di identificazione, dati relativi all\u2019ubicazione, un identificativo online o a uno o pi\u00f9 elementi caratteristici della sua identit\u00e0 fisica, fisiologica, psichica, economica, culturale o sociale.<\/p>\n<p>&nbsp;<\/p>\n<p>I Dati Personali raccolti dal Sito sono i seguenti:<\/p>\n<p>&nbsp;<\/p>\n<p><strong>a)Dati di navigazione<\/strong><\/p>\n<p>I sistemi informatici del Sito raccolgono alcuni Dati Personali la cui trasmissione \u00e8 implicita nell\u2019uso dei protocolli di comunicazione di Internet. Si tratta di informazioni che non sono raccolte per essere associate all\u2019Utente, ma che per loro stessa natura potrebbero, attraverso elaborazioni ed associazioni con dati detenuti da terzi, permettere di identificarlo. Tra questi ci sono gli indirizzi IP o i nomi a dominio dei dispositivi utilizzati per connetterti al Sito, gli indirizzi in notazione URI (Uniform Resource Identifier) delle risorse richieste, l\u2019orario della richiesta, il metodo utilizzato nel sottoporre la richiesta al server, la dimensione del file ottenuto in risposta, il codice numerico indicante lo stato della risposta data dal server (buon fine, errore, ecc.) ed altri parametri relativi al tuo sistema operativo e ambiente informatico.<\/p>\n<p>Questi dati vengono utilizzati al fine di ricavare informazioni statistiche anonime sull\u2019uso del Sito e per controllarne il corretto funzionamento; per permettere \u2013 vista l\u2019architettura dei sistemi utilizzati \u2013 la corretta erogazione delle varie funzionalit\u00e0 dall\u2019Utente richieste, per ragioni di sicurezza e di accertamento di responsabilit\u00e0 in caso di ipotetici reati informatici ai danni del Sito o di terzi e vengono cancellati dopo 7 giorni.<\/p>\n<p>&nbsp;<\/p>\n<p><strong>b)Dati forniti volontariamente<\/strong><\/p>\n<p>Attraverso il Sito l\u2019Utente ha la possibilit\u00e0 di fornire volontariamente Dati Personali come l\u2019indirizzo e-mail per l\u2019iscrizione al servizio di newsletter o per contattare High Tech Elettronica \u201cContatti\u201d. High Tech Elettronica tratter\u00e0 questi dati nel rispetto della Normativa Applicabile, assumendo che siano riferiti all\u2019Utente o a terzi soggetti che lo hanno espressamente autorizzato a conferirli in base ad un\u2019idonea base giuridica che legittima il trattamento dei dati in questione. Rispetto a tali ipotesi, l\u2019Utente si pone come autonomo titolare del trattamento, assumendo dunque su di s\u00e9 tutti gli obblighi e le responsabilit\u00e0 di legge. In tal senso, conferisci sul punto la pi\u00f9 ampia manleva rispetto ad ogni contestazione, pretesa, richiesta di risarcimento del danno da trattamento, etc. che dovesse pervenire a High Tech Elettronica da terzi soggetti i cui Dati Personali siano stati trattati attraverso il tuo utilizzo del Sito in violazione della Normativa Applicabile.<\/p>\n<p>&nbsp;<\/p>\n<p><strong>c)Cookie e tecnologie affini<\/strong><\/p>\n<p>High Tech Elettronica raccoglie Dati Personali attraverso cookies. Maggiori informazioni sull\u2019uso dei cookie e tecnologie affini sono disponibili all\u2019interno della Cookie Policy.<\/p>\n<p>&nbsp;<\/p>\n<p><strong>3.FINALITA\u2019, BASE GIURIDICA E NATURA OBBLIGATORIA O FACOLTATIVA DEL TRATTAMENTO<\/strong><\/p>\n<p>I Dati Personali che l\u2019Utente fornisce attraverso il Sito saranno trattati da High Tech Elettronica per le seguenti finalit\u00e0:<\/p>\n<ol>\n<li>finalit\u00e0 inerenti l\u2019esecuzione di un contratto di cui l\u2019Utente \u00e8 parte o all\u2019esecuzione di misure precontrattuali adottate su tua richiesta (es: richiesta di contatto tramite il modulo \u201cContatti\u201d, registrazione al servizio di newsletter, ecc.);<\/li>\n<li>finalit\u00e0 di ricerche\/analisi statistiche su dati aggregati o anonimi, senza dunque possibilit\u00e0 di identificare l\u2019Utente, volti a misurare il funzionamento del Sito, misurare il traffico e valutare usabilit\u00e0 e interesse;<\/li>\n<li>finalit\u00e0 relative all\u2019adempimento di un obbligo legale al quale High Tech Elettronica e\u0300 soggetto;<\/li>\n<li>finalit\u00e0 necessarie ad accertare, esercitare o difendere un diritto in sede giudiziaria o ogniqualvolta le autorit\u00e0 giurisdizionali esercitino le loro funzioni giurisdizionali;<\/li>\n<\/ol>\n<p>&nbsp;<\/p>\n<p>La base legale del trattamento di Dati Personali per le finalit\u00e0 di cui al punto a) \u00e8 l\u2019erogazione di un servizio o il riscontro ad una richiesta che non richiedono il consenso ai sensi della Normativa Applicabile. La finalit\u00e0 di cui al punto b) non comporta il trattamento di Dati Personali, mentre a finalit\u00e0 di cui ai punti c) e d) rappresenta un trattamento legittimo di Dati Personali ai sensi della Normativa Applicabile in quanto, una volta conferiti i Dati Personali, il trattamento \u00e8 invero necessario per adempiere ad un obbligo di legge al quale High Tech Elettronica \u00e8 soggetto o ad esercitare il suo diritto di difesa in giudizio. Il conferimento dei Dati Personali per la finalit\u00e0 sopra elencate \u00e8 facoltativo, ma il loro eventuale mancato conferimento potrebbe rendere impossibile il riscontro ad una richiesta o l\u2019adempimento ad un obbligo legale a cui High Tech Elettronica potrebbe essere soggetto.<\/p>\n<p>&nbsp;<\/p>\n<p><strong>4.DESTINATARI<\/strong><\/p>\n<p>I Dati Personali dell\u2019Utente potranno essere condivisi, per le finalit\u00e0 specificate al punto 3, con:<\/p>\n<ol>\n<li>soggetti necessari per l\u2019erogazione dei servizi offerti dal Sito tra cui a titolo esemplificativo l\u2019invio di e-mail e l\u2019analisi del funzionamento del Sito che agiscono tipicamente in qualit\u00e0 di responsabili del trattamento di High Tech Elettronica.<\/li>\n<li>persone autorizzate da High Tech Elettronica al trattamento dei Dati Personali che si siano impegnate alla riservatezza o abbiano un adeguato obbligo legale di riservatezza; (es. dipendenti e collaboratori di High Tech Elettronica);<\/li>\n<li>autorit\u00e0 giurisdizionali nell\u2019esercizio delle loro funzioni quando richiesto dalla Normativa Applicabile.<\/li>\n<\/ol>\n<p>&nbsp;<\/p>\n<p>L\u2019elenco aggiornato dei Responsabili del trattamento pu\u00f2 essere richiesto inviando una email all\u2019indirizzo:\u00a0<a href=\"mailto:amministrazione@hightechelettronica.com\">amministrazione@hightechelettronica.com<\/a><\/p>\n<p>&nbsp;<\/p>\n<p><strong>5.TRASFERIMENTI<\/strong><\/p>\n<p>Alcuni dei Dati Personali dell\u2019Utente sono trasferiti a Destinatari che si potrebbero trovare al di fuori dello Spazio Economico Europeo. High Tech Elettronica assicura che il trattamento elettronico e cartaceo dei Dati Personali dell\u2019Utente da parte dei Destinatari avviene nel rispetto della Normativa Applicabile. Maggiori informazioni e copia di questi accordi sono reperibili presso il Titolare.<\/p>\n<p>&nbsp;<\/p>\n<p><strong>6.CONSERVAZIONE DEI DATI<\/strong><\/p>\n<p>High Tech Elettronica tratter\u00e0 i Dati Personali dell\u2019Utente per il tempo strettamente necessario a raggiungere gli scopi indicati al punto 3. A titolo esemplificativo, High Tech Elettronica tratter\u00e0 i Dati Personali per il servizio di newsletter fino a quando l\u2019Utente non decider\u00e0 di disiscriversi dal servizio. Fatto salvo quanto sopra, High Tech Elettronica tratter\u00e0 i Dati Personali dell\u2019Utente fino al tempo permesso dalla legge Italiana a tutela dei propri interessi (Artt. 2946 e 2947(1)(3) c.c.). Maggiori informazioni in merito al periodo di conservazione dei Dati Personali e ai criteri utilizzati per determinare tale periodo possono essere richieste scrivendo al Titolare.<\/p>\n<p>&nbsp;<\/p>\n<p><strong>7.I TUOI DIRITTI<\/strong><\/p>\n<p>Nei limiti della Normativa Applicabile, l\u2019Utente ha il diritto di chiedere a High Tech Elettronica, in qualunque momento, l\u2019accesso ai propri Dati Personali, la rettifica o la cancellazione degli stessi o di opporti al loro trattamento, la limitazione del trattamento nonch\u00e9 di ottenere in un formato strutturato, di uso comune e leggibile da dispositivo automatico i dati che ti riguardano.<\/p>\n<p>Le richieste vanno rivolte via e-mail all\u2019indirizzo:\u00a0<a href=\"mailto:amministrazione@hightechelettronica.com\">amministrazione@hightechelettronica.com<\/a><\/p>\n<p>Ai sensi della Normativa Applicabile, l\u2019Utente ha in ogni caso il diritto di proporre reclamo al Garante per la Protezione dei Dati Personali qualora ritenesse che il trattamento dei suoi Dati Personali sia contrario alla Normativa Applicabile.<\/p>\n<p>&nbsp;<\/p>\n<p><strong>8.MODIFICHE<\/strong><\/p>\n<p>La presente Privacy Policy \u00e8 in vigore dal 20\/09\/2018<\/p>\n<p>High Tech Elettronica si riserva di modificarne o aggiornarne il contenuto, in parte o completamente, anche a causa di variazioni della Normativa Applicabile. High Tech Elettronica si impegna a informare l\u2019Utente di tali variazioni non appena verranno introdotte e saranno vincolanti non appena pubblicate sul Sito. High Tech Elettronica invita quindi a visitare con regolarit\u00e0 questa sezione per prendere cognizione della pi\u00f9 recente ed aggiornata versione della Privacy Policy in modo che l\u2019Utente sia sempre aggiornato sui dati raccolti e sull\u2019uso che ne fa il Titolare.<\/p>\n<p>&nbsp;<\/p>\n<p><strong>Politica della Qualit\u00e0<\/strong><\/p>\n<p>La politica della Qualit\u00e0 \u00e8 l\u2019impegno che HTE si assume in termini di Qualit\u00e0 nei confronti delle parti interessate in accordo con UNI EN ISO 9001:2015.<\/p>\n<p>La Politica per la Qualit\u00e0 rappresenta l\u2019impegno scritto dei soci che hanno messo a disposizione le risorse umane, tecnologiche e gli strumenti necessari alla realizzazione del Sistema di Gestione per la Qualit\u00e0 che sar\u00e0 costantemente monitorato e periodicamente valutato, misurando il raggiungimento degli obiettivi fissati per i processi controllati.<\/p>\n<p>HTE srl da la massima attenzione alle richieste ed aspettative del cliente, ai requisiti delle norme e regolamenti applicabili e al miglioramento continuo dell\u2019organizzazione e della soddisfazione del cliente e delle parti interessate<\/p>\n<p>Gli impegni della Politica per la Qualit\u00e0, vengono tradotti in un piano di obiettivi e traguardi definiti e misurabili oggettivamente\u00a0 attraverso indici. La Politica per la Qualit\u00e0, stabilisce i seguenti macro obiettivi primari:<\/p>\n<ul>\n<li>miglioramento continuo, attraverso il miglioramento costante e il coinvolgimento di tutti i dipendenti;<\/li>\n<li>piena soddisfazione del cliente;<\/li>\n<li>rispetto delle legislazioni applicabili.<\/li>\n<\/ul>\n<p>&nbsp;<\/p>\n<p>La Direzione verifica periodicamente che questa politica sia appropriata agli scopi ed al contesto aziendale, attuata e condivisa ad ogni livello dell\u2019organizzazione.<\/p>\n<p>Inoltre si prefigge di mantenere aggiornato ed attivo il Sistema di Gestione Qualit\u00e0 in riferimento norma UNI EN ISO 9001:2015<\/p>\n","protected":false},"excerpt":{"rendered":"<p>Privacy policy High Tech Elettronica, con sede in Viale Colli 63 \u2013 10098 Rivoli (TO), in qualit\u00e0 di titolare del trattamento dei dati personali ai sensi della normativa italiana applicabile pro tempore in materia di protezione dei dati personali (la \u201cNormativa Nazionale\u201d) e del Regolamento UE 679\/2016\u2013 Regolamento Generale sulla Protezione dei Dati (\u201cRGPD\u201d) (d\u2019ora in avanti la Normativa Nazionale ed il RGPD sono collettivamente indicati come \u201cNormativa Applicabile\u201d), riconosce l\u2019importanza della protezione dei dati personali e considera la sua tutela uno degli obiettivi principali della propria attivit\u00e0. Prima di comunicare qualsiasi dato personale, High Tech Elettronica ti invita a leggere con attenzione la presente privacy policy (\u201cPrivacy Policy\u201d), poich\u00e9 contiene informazioni importanti sulla tutela dei dati personali e sulle misure di sicurezza adottate per garantirne la riservatezza nel pieno rispetto della Normativa Applicabile. La presente Privacy Policy, inoltre: si intende resa solo per il sito\u00a0https:\/\/www.hightechelettronica.com\u00a0(\u201cSito\u201d) e non si applica ad altri siti web eventualmente consultati tramite link esterni; \u00e8 da intendersi quale Informativa resa ai sensi dell\u2019art. 13 della Normativa Applicabile a coloro che interagiscono con il Sito; si conforma alla Raccomandazione n. 2\/2001 relativa ai requisiti minimi per la raccolta di dati online nell\u2019Unione Europea, adottata il 17 maggio 2001 dal Gruppo di Lavoro Articolo 29. High Tech Elettronica ti informa che il trattamento dei tuoi dati personali sar\u00e0 improntato ai principi di liceit\u00e0, correttezza, trasparenza, limitazione delle finalit\u00e0 e della conservazione, minimizzazione dei dati, esattezza, integrit\u00e0 e riservatezza. I tuoi dati personali verranno pertanto trattati in accordo alle disposizioni legislative della Normativa Applicabile e degli obblighi di riservatezza ivi previsti. &nbsp; 1.TITOLARE DEL TRATTAMENTO Alla luce della Normativa Applicabile, titolare del trattamento del Sito \u00e8 High Tech Elettronica come pi\u00f9 sopra definito. &nbsp; 2.DATI PERSONALI OGGETTO DI TRATTAMENTO Con la locuzione \u201cDati Personali\u201d si intende qualsiasi informazione riguardante una persona fisica identificata o identificabile con particolare riferimento a un identificativo come il nome, un numero [&hellip;]<\/p>\n","protected":false},"author":1,"featured_media":0,"parent":0,"menu_order":0,"comment_status":"closed","ping_status":"open","template":"","meta":{"ngg_post_thumbnail":0},"_links":{"self":[{"href":"https:\/\/www.hightechelettronica.com\/en\/wp-json\/wp\/v2\/pages\/3835"}],"collection":[{"href":"https:\/\/www.hightechelettronica.com\/en\/wp-json\/wp\/v2\/pages"}],"about":[{"href":"https:\/\/www.hightechelettronica.com\/en\/wp-json\/wp\/v2\/types\/page"}],"author":[{"embeddable":true,"href":"https:\/\/www.hightechelettronica.com\/en\/wp-json\/wp\/v2\/users\/1"}],"replies":[{"embeddable":true,"href":"https:\/\/www.hightechelettronica.com\/en\/wp-json\/wp\/v2\/comments?post=3835"}],"version-history":[{"count":0,"href":"https:\/\/www.hightechelettronica.com\/en\/wp-json\/wp\/v2\/pages\/3835\/revisions"}],"wp:attachment":[{"href":"https:\/\/www.hightechelettronica.com\/en\/wp-json\/wp\/v2\/media?parent=3835"}],"curies":[{"name":"wp","href":"https:\/\/api.w.org\/{rel}","templated":true}]}}